{"id":400,"date":"2023-05-26T07:42:15","date_gmt":"2023-05-26T07:42:15","guid":{"rendered":"https:\/\/messner-immobilien.it\/im\/?page_id=400"},"modified":"2023-07-28T16:21:51","modified_gmt":"2023-07-28T14:21:51","slug":"su-di-noi","status":"publish","type":"page","link":"https:\/\/messner-immobilien.it\/im\/index.php\/it\/su-di-noi\/","title":{"rendered":"Su di noi"},"content":{"rendered":"\t\t<div data-elementor-type=\"wp-page\" data-elementor-id=\"400\" class=\"elementor elementor-400\" data-elementor-post-type=\"page\">\n\t\t\t\t\t\t<section class=\"elementor-section elementor-top-section elementor-element elementor-element-d5a329c elementor-section-boxed elementor-section-height-default elementor-section-height-default\" data-id=\"d5a329c\" data-element_type=\"section\">\n\t\t\t\t\t\t<div class=\"elementor-container elementor-column-gap-default\">\n\t\t\t\t\t<div class=\"elementor-column elementor-col-100 elementor-top-column elementor-element elementor-element-5dd54aa6\" data-id=\"5dd54aa6\" data-element_type=\"column\">\n\t\t\t<div class=\"elementor-widget-wrap elementor-element-populated\">\n\t\t\t\t\t\t<div class=\"elementor-element elementor-element-4f04ee6c elementor-widget elementor-widget-text-editor\" data-id=\"4f04ee6c\" data-element_type=\"widget\" data-widget_type=\"text-editor.default\">\n\t\t\t\t<div class=\"elementor-widget-container\">\n\t\t\t\t\t\t\t<pre><\/pre>\t\t\t\t\t\t<\/div>\n\t\t\t\t<\/div>\n\t\t\t\t\t<\/div>\n\t\t<\/div>\n\t\t\t\t\t<\/div>\n\t\t<\/section>\n\t\t\t\t<section class=\"elementor-section elementor-top-section elementor-element elementor-element-9e7407e elementor-section-boxed elementor-section-height-default elementor-section-height-default\" data-id=\"9e7407e\" data-element_type=\"section\">\n\t\t\t\t\t\t<div class=\"elementor-container elementor-column-gap-default\">\n\t\t\t\t\t<div class=\"elementor-column elementor-col-100 elementor-top-column elementor-element elementor-element-7a7cdf2\" data-id=\"7a7cdf2\" data-element_type=\"column\">\n\t\t\t<div class=\"elementor-widget-wrap elementor-element-populated\">\n\t\t\t\t\t\t<section class=\"elementor-section elementor-inner-section elementor-element elementor-element-237e797 elementor-section-boxed elementor-section-height-default elementor-section-height-default\" data-id=\"237e797\" data-element_type=\"section\">\n\t\t\t\t\t\t<div class=\"elementor-container elementor-column-gap-default\">\n\t\t\t\t\t<div class=\"elementor-column elementor-col-50 elementor-inner-column elementor-element elementor-element-792f7d7\" data-id=\"792f7d7\" data-element_type=\"column\">\n\t\t\t<div class=\"elementor-widget-wrap elementor-element-populated\">\n\t\t\t\t\t\t<div class=\"elementor-element elementor-element-33ba477 elementor-widget elementor-widget-image\" data-id=\"33ba477\" data-element_type=\"widget\" data-widget_type=\"image.default\">\n\t\t\t\t<div class=\"elementor-widget-container\">\n\t\t\t\t\t\t\t\t\t\t\t\t\t<img fetchpriority=\"high\" decoding=\"async\" width=\"434\" height=\"650\" src=\"https:\/\/messner-immobilien.it\/im\/wp-content\/uploads\/2023\/05\/helga-messner_03f.jpg\" class=\"attachment-medium_large size-medium_large wp-image-292\" alt=\"\" srcset=\"https:\/\/messner-immobilien.it\/im\/wp-content\/uploads\/2023\/05\/helga-messner_03f.jpg 434w, https:\/\/messner-immobilien.it\/im\/wp-content\/uploads\/2023\/05\/helga-messner_03f-200x300.jpg 200w\" sizes=\"(max-width: 434px) 100vw, 434px\" \/>\t\t\t\t\t\t\t\t\t\t\t\t\t<\/div>\n\t\t\t\t<\/div>\n\t\t\t\t\t<\/div>\n\t\t<\/div>\n\t\t\t\t<div class=\"elementor-column elementor-col-50 elementor-inner-column elementor-element elementor-element-5e4d809\" data-id=\"5e4d809\" data-element_type=\"column\">\n\t\t\t<div class=\"elementor-widget-wrap elementor-element-populated\">\n\t\t\t\t\t\t<div class=\"elementor-element elementor-element-d266c2f elementor-widget elementor-widget-text-editor\" data-id=\"d266c2f\" data-element_type=\"widget\" data-widget_type=\"text-editor.default\">\n\t\t\t\t<div class=\"elementor-widget-container\">\n\t\t\t\t\t\t\t<div class=\"wpb_text_column wpb_content_element \"><div class=\"wpb_wrapper\"><blockquote><p><strong>Messner Immobilien<\/strong> \u00e8 un\u2019agenzia immobiliare gestita da <strong>Helga Messner<\/strong> con sede a Brunico, che si propone come interlocutore qualificato e affidabile per questioni immobiliari di ogni tipo.<\/p><p>Con pi\u00f9 di 25 anni di esperienza di mercato in Val Pusteria, noi, Messner Immobilien, consideriamo il supporto esclusivo come la nostra forza e lo assicuriamo attraverso un portafoglio immobiliare pi\u00f9 piccolo \u2013 qualit\u00e0 piuttosto che quantit\u00e0.<br \/>Il nostro principio fondamentale \u00e8 quello di offrire un servizio di alta qualit\u00e0 e rapido, inoltre il nostro obbiettivo \u00e8 di offrire il miglior posizionamento possibile. Il nostro principio fondamentale \u00e8 quello di offrire un servizio di alta qualit\u00e0 e rapido, inoltre il nostro obbiettivo \u00e8 di offrire il miglior posizionamento possibile.5<\/p><\/blockquote><\/div><\/div>\t\t\t\t\t\t<\/div>\n\t\t\t\t<\/div>\n\t\t\t\t\t<\/div>\n\t\t<\/div>\n\t\t\t\t\t<\/div>\n\t\t<\/section>\n\t\t\t\t\t<\/div>\n\t\t<\/div>\n\t\t\t\t\t<\/div>\n\t\t<\/section>\n\t\t\t\t<\/div>\n\t\t","protected":false},"excerpt":{"rendered":"<p>Messner Immobilien \u00e8 un\u2019agenzia immobiliare gestita da Helga Messner con sede a Brunico, che si propone come interlocutore qualificato e affidabile per questioni immobiliari di ogni tipo. Con pi\u00f9 di 25 anni di esperienza di mercato in Val Pusteria, noi, Messner Immobilien, consideriamo il supporto esclusivo come la nostra forza e lo assicuriamo attraverso un<span class=\"moretag\"><a class=\"button small\" href=\"https:\/\/messner-immobilien.it\/im\/index.php\/it\/su-di-noi\/\">Mehr Infos<\/a><\/span><\/p>\n","protected":false},"author":2,"featured_media":0,"parent":0,"menu_order":0,"comment_status":"closed","ping_status":"closed","template":"elementor_header_footer","meta":{"footnotes":""},"class_list":["post-400","page","type-page","status-publish","hentry"],"_links":{"self":[{"href":"https:\/\/messner-immobilien.it\/im\/index.php\/wp-json\/wp\/v2\/pages\/400","targetHints":{"allow":["GET"]}}],"collection":[{"href":"https:\/\/messner-immobilien.it\/im\/index.php\/wp-json\/wp\/v2\/pages"}],"about":[{"href":"https:\/\/messner-immobilien.it\/im\/index.php\/wp-json\/wp\/v2\/types\/page"}],"author":[{"embeddable":true,"href":"https:\/\/messner-immobilien.it\/im\/index.php\/wp-json\/wp\/v2\/users\/2"}],"replies":[{"embeddable":true,"href":"https:\/\/messner-immobilien.it\/im\/index.php\/wp-json\/wp\/v2\/comments?post=400"}],"version-history":[{"count":14,"href":"https:\/\/messner-immobilien.it\/im\/index.php\/wp-json\/wp\/v2\/pages\/400\/revisions"}],"predecessor-version":[{"id":800,"href":"https:\/\/messner-immobilien.it\/im\/index.php\/wp-json\/wp\/v2\/pages\/400\/revisions\/800"}],"wp:attachment":[{"href":"https:\/\/messner-immobilien.it\/im\/index.php\/wp-json\/wp\/v2\/media?parent=400"}],"curies":[{"name":"wp","href":"https:\/\/api.w.org\/{rel}","templated":true}]}}