{"id":250,"date":"2023-04-16T13:54:44","date_gmt":"2023-04-16T13:54:44","guid":{"rendered":"https:\/\/messner-immobilien.it\/im\/?page_id=250"},"modified":"2023-05-05T14:06:19","modified_gmt":"2023-05-05T14:06:19","slug":"250-2","status":"publish","type":"page","link":"https:\/\/messner-immobilien.it\/im\/index.php\/250-2\/","title":{"rendered":"\u00dcber uns &#8230;"},"content":{"rendered":"\t\t<div data-elementor-type=\"wp-page\" data-elementor-id=\"250\" class=\"elementor elementor-250\" data-elementor-post-type=\"page\">\n\t\t\t\t\t\t<section class=\"elementor-section elementor-top-section elementor-element elementor-element-d5a329c elementor-section-boxed elementor-section-height-default elementor-section-height-default\" data-id=\"d5a329c\" data-element_type=\"section\">\n\t\t\t\t\t\t<div class=\"elementor-container elementor-column-gap-default\">\n\t\t\t\t\t<div class=\"elementor-column elementor-col-100 elementor-top-column elementor-element elementor-element-5dd54aa6\" data-id=\"5dd54aa6\" data-element_type=\"column\">\n\t\t\t<div class=\"elementor-widget-wrap elementor-element-populated\">\n\t\t\t\t\t\t<div class=\"elementor-element elementor-element-4f04ee6c elementor-widget elementor-widget-text-editor\" data-id=\"4f04ee6c\" data-element_type=\"widget\" data-widget_type=\"text-editor.default\">\n\t\t\t\t<div class=\"elementor-widget-container\">\n\t\t\t\t\t\t\t<pre><\/pre>\t\t\t\t\t\t<\/div>\n\t\t\t\t<\/div>\n\t\t\t\t\t<\/div>\n\t\t<\/div>\n\t\t\t\t\t<\/div>\n\t\t<\/section>\n\t\t\t\t<section class=\"elementor-section elementor-top-section elementor-element elementor-element-9e7407e elementor-section-boxed elementor-section-height-default elementor-section-height-default\" data-id=\"9e7407e\" data-element_type=\"section\">\n\t\t\t\t\t\t<div class=\"elementor-container elementor-column-gap-default\">\n\t\t\t\t\t<div class=\"elementor-column elementor-col-100 elementor-top-column elementor-element elementor-element-7a7cdf2\" data-id=\"7a7cdf2\" data-element_type=\"column\">\n\t\t\t<div class=\"elementor-widget-wrap elementor-element-populated\">\n\t\t\t\t\t\t<section class=\"elementor-section elementor-inner-section elementor-element elementor-element-237e797 elementor-section-boxed elementor-section-height-default elementor-section-height-default\" data-id=\"237e797\" data-element_type=\"section\">\n\t\t\t\t\t\t<div class=\"elementor-container elementor-column-gap-default\">\n\t\t\t\t\t<div class=\"elementor-column elementor-col-50 elementor-inner-column elementor-element elementor-element-792f7d7\" data-id=\"792f7d7\" data-element_type=\"column\">\n\t\t\t<div class=\"elementor-widget-wrap elementor-element-populated\">\n\t\t\t\t\t\t<div class=\"elementor-element elementor-element-33ba477 elementor-widget elementor-widget-image\" data-id=\"33ba477\" data-element_type=\"widget\" data-widget_type=\"image.default\">\n\t\t\t\t<div class=\"elementor-widget-container\">\n\t\t\t\t\t\t\t\t\t\t\t\t\t<img fetchpriority=\"high\" decoding=\"async\" width=\"434\" height=\"650\" src=\"https:\/\/messner-immobilien.it\/im\/wp-content\/uploads\/2023\/05\/helga-messner_03f.jpg\" class=\"attachment-medium_large size-medium_large wp-image-292\" alt=\"\" srcset=\"https:\/\/messner-immobilien.it\/im\/wp-content\/uploads\/2023\/05\/helga-messner_03f.jpg 434w, https:\/\/messner-immobilien.it\/im\/wp-content\/uploads\/2023\/05\/helga-messner_03f-200x300.jpg 200w\" sizes=\"(max-width: 434px) 100vw, 434px\" \/>\t\t\t\t\t\t\t\t\t\t\t\t\t<\/div>\n\t\t\t\t<\/div>\n\t\t\t\t\t<\/div>\n\t\t<\/div>\n\t\t\t\t<div class=\"elementor-column elementor-col-50 elementor-inner-column elementor-element elementor-element-5e4d809\" data-id=\"5e4d809\" data-element_type=\"column\">\n\t\t\t<div class=\"elementor-widget-wrap elementor-element-populated\">\n\t\t\t\t\t\t<div class=\"elementor-element elementor-element-d266c2f elementor-widget elementor-widget-text-editor\" data-id=\"d266c2f\" data-element_type=\"widget\" data-widget_type=\"text-editor.default\">\n\t\t\t\t<div class=\"elementor-widget-container\">\n\t\t\t\t\t\t\t<p><strong>Messner Immobilien<\/strong>\u00a0ist ein von\u00a0<strong>Helga Messner<\/strong>\u00a0gef\u00fchrtes Unternehmen mit Sitz in Bruneck, welches sich als qualifizierter und zuverl\u00e4ssiger Ansprechpartner f\u00fcr Immobilienfragen jeglicher Art versteht.<\/p><p>Durch mehr als 20-j\u00e4hriger Markterfahrung im Pustertal sehen wir, Messner Immobilien, exklusive Betreuung als unsere St\u00e4rke und stellen dies sicher, durch ein kleineres Immobilienportfolio \u2013 Qualit\u00e4t statt Quantit\u00e4t.<br \/>Unser Leitziel besteht darin, qualitativ hochwertige, schnelle und bestm\u00f6gliche Vermarktung zu bieten. Somit ist es m\u00f6glich auf die verschiedenen individuellen Bed\u00fcrfnisse unserer Kunden einzugehen, sowie die ideale Immobilie am Markt zu finden und dadurch Kundenzufriedenheit zu erreichen.<\/p>\t\t\t\t\t\t<\/div>\n\t\t\t\t<\/div>\n\t\t\t\t\t<\/div>\n\t\t<\/div>\n\t\t\t\t\t<\/div>\n\t\t<\/section>\n\t\t\t\t\t<\/div>\n\t\t<\/div>\n\t\t\t\t\t<\/div>\n\t\t<\/section>\n\t\t\t\t<\/div>\n\t\t","protected":false},"excerpt":{"rendered":"<p>Messner Immobilien\u00a0ist ein von\u00a0Helga Messner\u00a0gef\u00fchrtes Unternehmen mit Sitz in Bruneck, welches sich als qualifizierter und zuverl\u00e4ssiger Ansprechpartner f\u00fcr Immobilienfragen jeglicher Art versteht. Durch mehr als 20-j\u00e4hriger Markterfahrung im Pustertal sehen wir, Messner Immobilien, exklusive Betreuung als unsere St\u00e4rke und stellen dies sicher, durch ein kleineres Immobilienportfolio \u2013 Qualit\u00e4t statt Quantit\u00e4t. Unser Leitziel besteht darin, qualitativ<span class=\"moretag\"><a class=\"button small\" href=\"https:\/\/messner-immobilien.it\/im\/index.php\/250-2\/\">Mehr Infos<\/a><\/span><\/p>\n","protected":false},"author":2,"featured_media":0,"parent":0,"menu_order":0,"comment_status":"closed","ping_status":"closed","template":"","meta":{"footnotes":""},"class_list":["post-250","page","type-page","status-publish","hentry"],"_links":{"self":[{"href":"https:\/\/messner-immobilien.it\/im\/index.php\/wp-json\/wp\/v2\/pages\/250","targetHints":{"allow":["GET"]}}],"collection":[{"href":"https:\/\/messner-immobilien.it\/im\/index.php\/wp-json\/wp\/v2\/pages"}],"about":[{"href":"https:\/\/messner-immobilien.it\/im\/index.php\/wp-json\/wp\/v2\/types\/page"}],"author":[{"embeddable":true,"href":"https:\/\/messner-immobilien.it\/im\/index.php\/wp-json\/wp\/v2\/users\/2"}],"replies":[{"embeddable":true,"href":"https:\/\/messner-immobilien.it\/im\/index.php\/wp-json\/wp\/v2\/comments?post=250"}],"version-history":[{"count":15,"href":"https:\/\/messner-immobilien.it\/im\/index.php\/wp-json\/wp\/v2\/pages\/250\/revisions"}],"predecessor-version":[{"id":304,"href":"https:\/\/messner-immobilien.it\/im\/index.php\/wp-json\/wp\/v2\/pages\/250\/revisions\/304"}],"wp:attachment":[{"href":"https:\/\/messner-immobilien.it\/im\/index.php\/wp-json\/wp\/v2\/media?parent=250"}],"curies":[{"name":"wp","href":"https:\/\/api.w.org\/{rel}","templated":true}]}}